{"id":758,"date":"2026-03-23T20:49:53","date_gmt":"2026-03-23T19:49:53","guid":{"rendered":"https:\/\/www.ssb-berlin-brandenburg.de\/?page_id=758"},"modified":"2026-03-23T20:49:53","modified_gmt":"2026-03-23T19:49:53","slug":"runde-vom-22-03-2026","status":"publish","type":"page","link":"https:\/\/www.ssb-berlin-brandenburg.de\/index.php\/runde-vom-22-03-2026\/","title":{"rendered":"Runde vom 22.03.2026"},"content":{"rendered":"\n<table id=\"tablepress-25\" class=\"tablepress tablepress-id-25\">\n<tbody class=\"row-striping row-hover\">\n<tr class=\"row-1\">\n\t<td class=\"column-1\">1<\/td><td class=\"column-2\">13DNM Andr\u00e9 Zehdenick<\/td><td class=\"column-3\">0-0<\/td>\n<\/tr>\n<tr class=\"row-2\">\n\t<td class=\"column-1\">2<\/td><td class=\"column-2\">13OT001 Mario R\u00fcdersdorf<\/td><td class=\"column-3\">5-9<\/td>\n<\/tr>\n<tr class=\"row-3\">\n\t<td class=\"column-1\">3<\/td><td class=\"column-2\">Wolf Guido Unterspreewald<\/td><td class=\"column-3\">5-5<\/td>\n<\/tr>\n<tr class=\"row-4\">\n\t<td class=\"column-1\">4<\/td><td class=\"column-2\">Pinsel Frank Vogelkirsche MV<\/td><td class=\"column-3\">5-9<\/td>\n<\/tr>\n<tr class=\"row-5\">\n\t<td class=\"column-1\">5<\/td><td class=\"column-2\">Brasse Joachim Tegel<\/td><td class=\"column-3\">5-9+<\/td>\n<\/tr>\n<tr class=\"row-6\">\n\t<td class=\"column-1\">6<\/td><td class=\"column-2\">13UD Rainer Oranienburg<\/td><td class=\"column-3\">5-7<\/td>\n<\/tr>\n<tr class=\"row-7\">\n\t<td class=\"column-1\">7<\/td><td class=\"column-2\">13OT370 Klaus Parker Petershagen<\/td><td class=\"column-3\">5-8<\/td>\n<\/tr>\n<tr class=\"row-8\">\n\t<td class=\"column-1\">8<\/td><td class=\"column-2\">13OT028 Klaus Strausberg<\/td><td class=\"column-3\">5-9<\/td>\n<\/tr>\n<tr class=\"row-9\">\n\t<td class=\"column-1\">9<\/td><td class=\"column-2\">13TW117 Volker Alt-Ruppin<\/td><td class=\"column-3\">5-9+20<\/td>\n<\/tr>\n<tr class=\"row-10\">\n\t<td class=\"column-1\">10<\/td><td class=\"column-2\">Schwalbe Micha Finkenkrug<\/td><td class=\"column-3\">5-8<\/td>\n<\/tr>\n<tr class=\"row-11\">\n\t<td class=\"column-1\">11<\/td><td class=\"column-2\">Jon Jay ( Jon ohne H) Dirk Staaken<\/td><td class=\"column-3\">3-7<\/td>\n<\/tr>\n<tr class=\"row-12\">\n\t<td class=\"column-1\">12<\/td><td class=\"column-2\">13OT1213 Robert Wartenberg<\/td><td class=\"column-3\">5-8<\/td>\n<\/tr>\n<tr class=\"row-13\">\n\t<td class=\"column-1\">13<\/td><td class=\"column-2\">CH-P Clemens Hahneberg<\/td><td class=\"column-3\">5-8<\/td>\n<\/tr>\n<tr class=\"row-14\">\n\t<td class=\"column-1\">14<\/td><td class=\"column-2\">Ecto1 Junior Theodor Charlottenburg<\/td><td class=\"column-3\">4-6<\/td>\n<\/tr>\n<tr class=\"row-15\">\n\t<td class=\"column-1\">15<\/td><td class=\"column-2\">Ecto1 Senior Ralf Charlottenburg<\/td><td class=\"column-3\">4-6<\/td>\n<\/tr>\n<tr class=\"row-16\">\n\t<td class=\"column-1\">16<\/td><td class=\"column-2\">13OT073 Frank Strausberg<\/td><td class=\"column-3\">5-8<\/td>\n<\/tr>\n<tr class=\"row-17\">\n\t<td class=\"column-1\">17<\/td><td class=\"column-2\">Brennessel Bernhard Staaken<\/td><td class=\"column-3\">5-8<\/td>\n<\/tr>\n<tr class=\"row-18\">\n\t<td class=\"column-1\">18<\/td><td class=\"column-2\">Bodenwelle Joe Kladow<\/td><td class=\"column-3\">5-7<\/td>\n<\/tr>\n<tr class=\"row-19\">\n\t<td class=\"column-1\">19<\/td><td class=\"column-2\">13OT123 Wum Rolf Malchow<\/td><td class=\"column-3\">4-8<\/td>\n<\/tr>\n<tr class=\"row-20\">\n\t<td class=\"column-1\">20<\/td><td class=\"column-2\">13OT2210 Kampfboot Mirko Wartenberg<\/td><td class=\"column-3\">5-7<\/td>\n<\/tr>\n<tr class=\"row-21\">\n\t<td class=\"column-1\">21<\/td><td class=\"column-2\">Garfield Hendryk Oranienburg<\/td><td class=\"column-3\">5-9+10<\/td>\n<\/tr>\n<tr class=\"row-22\">\n\t<td class=\"column-1\">22<\/td><td class=\"column-2\">13BP21 Bruno Penzlin<\/td><td class=\"column-3\">5-8<\/td>\n<\/tr>\n<tr class=\"row-23\">\n\t<td class=\"column-1\">23<\/td><td class=\"column-2\">Radio Uckermark Jens Boitzenbrg. Land<\/td><td class=\"column-3\">5-7<\/td>\n<\/tr>\n<tr class=\"row-24\">\n\t<td class=\"column-1\">24<\/td><td class=\"column-2\">MS01 Malte Spreenhagen<\/td><td class=\"column-3\">5-7<\/td>\n<\/tr>\n<tr class=\"row-25\">\n\t<td class=\"column-1\">25<\/td><td class=\"column-2\">13OT357 Zugvogel Martin Schm\u00f6ckwitz<\/td><td class=\"column-3\">5-7<\/td>\n<\/tr>\n<tr class=\"row-26\">\n\t<td class=\"column-1\">26<\/td><td class=\"column-2\">Dr. Kiesel Rainer Nauen<\/td><td class=\"column-3\">5-9<\/td>\n<\/tr>\n<tr class=\"row-27\">\n\t<td class=\"column-1\">27<\/td><td class=\"column-2\">Pinus Enrico Linow<\/td><td class=\"column-3\">5-7<\/td>\n<\/tr>\n<tr class=\"row-28\">\n\t<td class=\"column-1\">28<\/td><td class=\"column-2\">Gro\u00dfe Ameise Manfred Zechin<\/td><td class=\"column-3\">5-6<\/td>\n<\/tr>\n<tr class=\"row-29\">\n\t<td class=\"column-1\">29<\/td><td class=\"column-2\">13ON113 Andr\u00e9 G\u00f6rtzig<\/td><td class=\"column-3\">5-5<\/td>\n<\/tr>\n<tr class=\"row-30\">\n\t<td class=\"column-1\">30<\/td><td class=\"column-2\">DC2 Peter Birkenwerder<\/td><td class=\"column-3\">4-8<\/td>\n<\/tr>\n<tr class=\"row-31\">\n\t<td class=\"column-1\">31<\/td><td class=\"column-2\">13OT2357 Bernd Reinickendorf<\/td><td class=\"column-3\">4-3<\/td>\n<\/tr>\n<tr class=\"row-32\">\n\t<td class=\"column-1\">32<\/td><td class=\"column-2\">Fisch Uwe Bestensee<\/td><td class=\"column-3\">4-3<\/td>\n<\/tr>\n<tr class=\"row-33\">\n\t<td class=\"column-1\">33<\/td><td class=\"column-2\">PL01 Fl\u00f6ckchen Stefan Prieros<\/td><td class=\"column-3\">5-3<\/td>\n<\/tr>\n<tr class=\"row-34\">\n\t<td class=\"column-1\">34<\/td><td class=\"column-2\">Ascona Nils Bestensee<\/td><td class=\"column-3\">2-\/<\/td>\n<\/tr>\n<tr class=\"row-35\">\n\t<td class=\"column-1\">35<\/td><td class=\"column-2\">Stra\u00dfenk\u00f6ter L\u00fcbben<\/td><td class=\"column-3\">-\/-<\/td>\n<\/tr>\n<tr class=\"row-36\">\n\t<td class=\"column-1\">36<\/td><td class=\"column-2\">Eichkater Andreas J\u00fcterbog<\/td><td class=\"column-3\">-\/-<\/td>\n<\/tr>\n<tr class=\"row-37\">\n\t<td class=\"column-1\">37<\/td><td class=\"column-2\">Marconi Andreas KW<\/td><td class=\"column-3\">-\/-<\/td>\n<\/tr>\n<tr class=\"row-38\">\n\t<td class=\"column-1\">38<\/td><td class=\"column-2\">13HN588 Burg Mathias<\/td><td class=\"column-3\">1-2\/-<\/td>\n<\/tr>\n<tr class=\"row-39\">\n\t<td class=\"column-1\">39<\/td><td class=\"column-2\">DMO999 Peter Baumschulenweg<\/td><td class=\"column-3\">5-8<\/td>\n<\/tr>\n<tr class=\"row-40\">\n\t<td class=\"column-1\">40<\/td><td class=\"column-2\">13OT333 Mario Hennickendorf<\/td><td class=\"column-3\">5-8<\/td>\n<\/tr>\n<tr class=\"row-41\">\n\t<td class=\"column-1\">41<\/td><td class=\"column-2\">13OT1969 Andr\u00e9<\/td><td class=\"column-3\">2\/-<\/td>\n<\/tr>\n<tr class=\"row-42\">\n\t<td class=\"column-1\">42<\/td><td class=\"column-2\">Dynamo Andreas Tempelhof\/Steglitz am Insulaner<\/td><td class=\"column-3\">3-3<\/td>\n<\/tr>\n<tr class=\"row-43\">\n\t<td class=\"column-1\">43<\/td><td class=\"column-2\">Y42 Yanick M\u00fcncheberg<\/td><td class=\"column-3\">4-4<\/td>\n<\/tr>\n<tr class=\"row-44\">\n\t<td class=\"column-1\">44<\/td><td class=\"column-2\">AP Stefan Dreieck Spreeau<\/td><td class=\"column-3\">5-7<\/td>\n<\/tr>\n<tr class=\"row-45\">\n\t<td class=\"column-1\">45<\/td><td class=\"column-2\">13OT911 Alex Zeuthen<\/td><td class=\"column-3\">5-7<\/td>\n<\/tr>\n<tr class=\"row-46\">\n\t<td class=\"column-1\">46<\/td><td class=\"column-2\">DN5 Ronny Finowfurt<\/td><td class=\"column-3\">5-9<\/td>\n<\/tr>\n<tr class=\"row-47\">\n\t<td class=\"column-1\">47<\/td><td class=\"column-2\">13OT030 Guido Strausberg<\/td><td class=\"column-3\">2\/-<\/td>\n<\/tr>\n<tr class=\"row-48\">\n\t<td class=\"column-1\">48<\/td><td class=\"column-2\">13OT220 Olli Sch\u00f6neiche<\/td><td class=\"column-3\">4-2<\/td>\n<\/tr>\n<tr class=\"row-49\">\n\t<td class=\"column-1\">49<\/td><td class=\"column-2\">Grauer Satan Guido Wandlitz<\/td><td class=\"column-3\">5-8<\/td>\n<\/tr>\n<tr class=\"row-50\">\n\t<td class=\"column-1\">50<\/td><td class=\"column-2\">Ontario J\u00f6rg Kaulsdorf-Nord<\/td><td class=\"column-3\">2-\/-<\/td>\n<\/tr>\n<tr class=\"row-51\">\n\t<td class=\"column-1\">51<\/td><td class=\"column-2\">13OP61 Oscar Wandlitz<\/td><td class=\"column-3\">5-9+20<\/td>\n<\/tr>\n<tr class=\"row-52\">\n\t<td class=\"column-1\">52<\/td><td class=\"column-2\">Nachtschw\u00e4rmer J\u00fcrgen Fredersdorf<\/td><td class=\"column-3\">5-7<\/td>\n<\/tr>\n<tr class=\"row-53\">\n\t<td class=\"column-1\">53<\/td><td class=\"column-2\">13OT269 Steinbock03 Hans F\u00fcrstenwalde\/Spree<\/td><td class=\"column-3\">5-6<\/td>\n<\/tr>\n<tr class=\"row-54\">\n\t<td class=\"column-1\">54<\/td><td class=\"column-2\">gr\u00fcne Gurke Peter Ziegenhals<\/td><td class=\"column-3\">4-2<\/td>\n<\/tr>\n<tr class=\"row-55\">\n\t<td class=\"column-1\">55<\/td><td class=\"column-2\">13OT1001 Eberhard KW<\/td><td class=\"column-3\">R4<\/td>\n<\/tr>\n<tr class=\"row-56\">\n\t<td class=\"column-1\">56<\/td><td class=\"column-2\">13OT561 Heino Gro\u00df Sch\u00f6nebeck<\/td><td class=\"column-3\">5-9+20<\/td>\n<\/tr>\n<tr class=\"row-57\">\n\t<td class=\"column-1\">57<\/td><td class=\"column-2\">JB68 J\u00f6rg H\u00f6now<\/td><td class=\"column-3\">5-8<\/td>\n<\/tr>\n<tr class=\"row-58\">\n\t<td class=\"column-1\">58<\/td><td class=\"column-2\">Wostock Erik M\u00fchlenbeck<\/td><td class=\"column-3\">5-9<\/td>\n<\/tr>\n<tr class=\"row-59\">\n\t<td class=\"column-1\">59<\/td><td class=\"column-2\">Hamster Bernhard Friedland<\/td><td class=\"column-3\">4-2<\/td>\n<\/tr>\n<tr class=\"row-60\">\n\t<td class=\"column-1\">60<\/td><td class=\"column-2\">Bierg\u00e4rtner Rainer Beggerow<\/td><td class=\"column-3\">5-3<\/td>\n<\/tr>\n<tr class=\"row-61\">\n\t<td class=\"column-1\">61<\/td><td class=\"column-2\">Mikrowelle Jens H\u00f6now<\/td><td class=\"column-3\">1-2\/-<\/td>\n<\/tr>\n<tr class=\"row-62\">\n\t<td class=\"column-1\">62<\/td><td class=\"column-2\">Adler02 Ralf Staaken<\/td><td class=\"column-3\">5-8<\/td>\n<\/tr>\n<tr class=\"row-63\">\n\t<td class=\"column-1\">63<\/td><td class=\"column-2\">Landcruiser Peter Pasewalk<\/td><td class=\"column-3\">4-6<\/td>\n<\/tr>\n<tr class=\"row-64\">\n\t<td class=\"column-1\">64<\/td><td class=\"column-2\">Laubenpieper Peter Prieros<\/td><td class=\"column-3\">5-2<\/td>\n<\/tr>\n<tr class=\"row-65\">\n\t<td class=\"column-1\">65<\/td><td class=\"column-2\">13OT345 Fetzenflieger Thorsten Petershagen<\/td><td class=\"column-3\">5-7<\/td>\n<\/tr>\n<tr class=\"row-66\">\n\t<td class=\"column-1\">66<\/td><td class=\"column-2\">DL126 Andreas Altlandsberg<\/td><td class=\"column-3\">5-7<\/td>\n<\/tr>\n<tr class=\"row-67\">\n\t<td class=\"column-1\">67<\/td><td class=\"column-2\">Klotzi06 Martin Passow<\/td><td class=\"column-3\">4-7<\/td>\n<\/tr>\n<tr class=\"row-68\">\n\t<td class=\"column-1\">68<\/td><td class=\"column-2\">Wolke7 Dirk Luckow<\/td><td class=\"column-3\">5-5<\/td>\n<\/tr>\n<tr class=\"row-69\">\n\t<td class=\"column-1\">69<\/td><td class=\"column-2\">Sputnik Oliver Hakenfelde<\/td><td class=\"column-3\">5-6<\/td>\n<\/tr>\n<tr class=\"row-70\">\n\t<td class=\"column-1\">70<\/td><td class=\"column-2\">ETZ 300 Stefan L\u00fcbbenau<\/td><td class=\"column-3\">2\/-<\/td>\n<\/tr>\n<tr class=\"row-71\">\n\t<td class=\"column-1\">71<\/td><td class=\"column-2\">Astra Mike Cottbus<\/td><td class=\"column-3\">2-1<\/td>\n<\/tr>\n<tr class=\"row-72\">\n\t<td class=\"column-1\">72<\/td><td class=\"column-2\">Nova Peter Cottbus<\/td><td class=\"column-3\">2\/-<\/td>\n<\/tr>\n<tr class=\"row-73\">\n\t<td class=\"column-1\">73<\/td><td class=\"column-2\">13OT1105 Robby M\u00fcgelheim<\/td><td class=\"column-3\">5-8<\/td>\n<\/tr>\n<tr class=\"row-74\">\n\t<td class=\"column-1\">74<\/td><td class=\"column-2\">13OT978 Waldgei\u00dflein Matze Oderbruch<\/td><td class=\"column-3\">5-7<\/td>\n<\/tr>\n<tr class=\"row-75\">\n\t<td class=\"column-1\">75<\/td><td class=\"column-2\">Adler90 Kolo Alt-Glienicke<\/td><td class=\"column-3\">4-6<\/td>\n<\/tr>\n<tr class=\"row-76\">\n\t<td class=\"column-1\">76<\/td><td class=\"column-2\">13OT033 Bimbo Frank R\u00fcdersdorf<\/td><td class=\"column-3\">5-8<\/td>\n<\/tr>\n<tr class=\"row-77\">\n\t<td class=\"column-1\">77<\/td><td class=\"column-2\">Paule01 Klaus Torgelow<\/td><td class=\"column-3\">5-7<\/td>\n<\/tr>\n<tr class=\"row-78\">\n\t<td class=\"column-1\">78<\/td><td class=\"column-2\">Kiebitz Hans Friedenau<\/td><td class=\"column-3\">5-7<\/td>\n<\/tr>\n<tr class=\"row-79\">\n\t<td class=\"column-1\">79<\/td><td class=\"column-2\">AM25 Achim Reinickendorf<\/td><td class=\"column-3\">5-9<\/td>\n<\/tr>\n<tr class=\"row-80\">\n\t<td class=\"column-1\">80<\/td><td class=\"column-2\">13OT696 Feuerfliege Christel Woltersdorf<\/td><td class=\"column-3\">3\/-<\/td>\n<\/tr>\n<tr class=\"row-81\">\n\t<td class=\"column-1\">81<\/td><td class=\"column-2\">ET Henry Usedom<\/td><td class=\"column-3\">2\/-<\/td>\n<\/tr>\n<tr class=\"row-82\">\n\t<td class=\"column-1\">82<\/td><td class=\"column-2\">Mike01 Mike Reinickendorf<\/td><td class=\"column-3\">5-8<\/td>\n<\/tr>\n<tr class=\"row-83\">\n\t<td class=\"column-1\">83<\/td><td class=\"column-2\">FB52 Martin Schlaubetal<\/td><td class=\"column-3\">2\/-<\/td>\n<\/tr>\n<tr class=\"row-84\">\n\t<td class=\"column-1\">84<\/td><td class=\"column-2\">Bulli Norbert Werneuchen<\/td><td class=\"column-3\">4-7<\/td>\n<\/tr>\n<tr class=\"row-85\">\n\t<td class=\"column-1\">85<\/td><td class=\"column-2\">13OT966 Thorsten Wiesenburg\/Mark<\/td><td class=\"column-3\">2-3\/-<\/td>\n<\/tr>\n<tr class=\"row-86\">\n\t<td class=\"column-1\">86<\/td><td class=\"column-2\">Franky Oranienburg<\/td><td class=\"column-3\">5-9+20<\/td>\n<\/tr>\n<tr class=\"row-87\">\n\t<td class=\"column-1\">87<\/td><td class=\"column-2\">13BL Stefan Wendisch Rietz<\/td><td class=\"column-3\">4-6<\/td>\n<\/tr>\n<tr class=\"row-88\">\n\t<td class=\"column-1\">88<\/td><td class=\"column-2\">13OT134 Gerhard Seelow<\/td><td class=\"column-3\">1-2\/-<\/td>\n<\/tr>\n<tr class=\"row-89\">\n\t<td class=\"column-1\">89<\/td><td class=\"column-2\">KK Klaus Heiligensee<\/td><td class=\"column-3\">5-9<\/td>\n<\/tr>\n<tr class=\"row-90\">\n\t<td class=\"column-1\">90<\/td><td class=\"column-2\">13OT009 Nadine R\u00fcdersdorf<\/td><td class=\"column-3\">5-9<\/td>\n<\/tr>\n<tr class=\"row-91\">\n\t<td class=\"column-1\">91<\/td><td class=\"column-2\">13OT079 Nicole Herzfelde<\/td><td class=\"column-3\">5-8<\/td>\n<\/tr>\n<tr class=\"row-92\">\n\t<td class=\"column-1\">92<\/td><td class=\"column-2\">13OT303 Ren\u00e9 Herzfelde<\/td><td class=\"column-3\">5-8<\/td>\n<\/tr>\n<tr class=\"row-93\">\n\t<td class=\"column-1\">93<\/td><td class=\"column-2\">13OT779 Talisman Ingo<\/td><td class=\"column-3\">5-7<\/td>\n<\/tr>\n<\/tbody>\n<\/table>\n<!-- #tablepress-25 from cache -->\n","protected":false},"excerpt":{"rendered":"","protected":false},"author":1,"featured_media":0,"parent":0,"menu_order":0,"comment_status":"closed","ping_status":"closed","template":"","meta":{"footnotes":""},"class_list":["post-758","page","type-page","status-publish","hentry"],"_links":{"self":[{"href":"https:\/\/www.ssb-berlin-brandenburg.de\/index.php\/wp-json\/wp\/v2\/pages\/758","targetHints":{"allow":["GET"]}}],"collection":[{"href":"https:\/\/www.ssb-berlin-brandenburg.de\/index.php\/wp-json\/wp\/v2\/pages"}],"about":[{"href":"https:\/\/www.ssb-berlin-brandenburg.de\/index.php\/wp-json\/wp\/v2\/types\/page"}],"author":[{"embeddable":true,"href":"https:\/\/www.ssb-berlin-brandenburg.de\/index.php\/wp-json\/wp\/v2\/users\/1"}],"replies":[{"embeddable":true,"href":"https:\/\/www.ssb-berlin-brandenburg.de\/index.php\/wp-json\/wp\/v2\/comments?post=758"}],"version-history":[{"count":1,"href":"https:\/\/www.ssb-berlin-brandenburg.de\/index.php\/wp-json\/wp\/v2\/pages\/758\/revisions"}],"predecessor-version":[{"id":759,"href":"https:\/\/www.ssb-berlin-brandenburg.de\/index.php\/wp-json\/wp\/v2\/pages\/758\/revisions\/759"}],"wp:attachment":[{"href":"https:\/\/www.ssb-berlin-brandenburg.de\/index.php\/wp-json\/wp\/v2\/media?parent=758"}],"curies":[{"name":"wp","href":"https:\/\/api.w.org\/{rel}","templated":true}]}}