{"id":67,"date":"2025-11-05T23:28:46","date_gmt":"2025-11-05T22:28:46","guid":{"rendered":"https:\/\/www.ssb-berlin-brandenburg.de\/?page_id=67"},"modified":"2025-11-08T20:13:13","modified_gmt":"2025-11-08T19:13:13","slug":"ablauf-der-ssb-runde","status":"publish","type":"page","link":"https:\/\/www.ssb-berlin-brandenburg.de\/index.php\/ablauf-der-ssb-runde\/","title":{"rendered":"Ablauf der SSB Runde"},"content":{"rendered":"\n<h2 class=\"wp-block-heading\">Ablauf der SSB-Runde Berlin-Brandenburg<\/h2>\n\n\n\n<p>Die SSB-Runde Berlin-Brandenburg findet jeden Sonntag um 19:00 Uhr Lokalzeit auf dem Kanal 3 USB (26.985 kHz) unter der Leitung von Tempelhof-Peter oder einem seiner Vertreter statt.<br>Damit der Ablauf geordnet und f\u00fcr alle fair bleibt, folgt die Runde einem festen Schema:<\/p>\n\n\n\n<ol class=\"wp-block-list\">\n<li><strong>Er\u00f6ffnung der Runde<\/strong><br>Die Rundenleitung startet mit einer kurzen Begr\u00fc\u00dfung und dem ersten CQ-Ruf, um alle teilnehmenden Stationen einzuladen.<\/li>\n\n\n\n<li><strong>Anmeldung der Stationen<\/strong><br>Stationen melden sich <strong>ausschlie\u00dflich mit ihrem Rufzeichen<\/strong> und warten, bis sie von der Rundenleitung aufgerufen werden.<\/li>\n\n\n\n<li><strong>Aufruf und Vorstellung<\/strong><br>Beim Aufruf nennt jede Station ihr Rufzeichen, den Vornamen, das QTH (Standort), RST des Moderators und \u2013 falls gew\u00fcnscht \u2013 Angaben zur Antennenanlage. Anschlie\u00dfend erfolgt der Rapport der Rundenleitung und \/ oder der Moderatoren.<\/li>\n\n\n\n<li><strong>Erfassung und Weiterleitung<\/strong><br>Alle gemeldeten Stationen werden durch die Rundenleitung erfasst und an die jeweiligen Moderatoren weitergegeben.<br>Diese best\u00e4tigen den Empfang der Daten, um eine vollst\u00e4ndige Teilnehmerliste zu gew\u00e4hrleisten.<\/li>\n\n\n\n<li><strong>Rundumlauf \u00fcber die Moderatoren<\/strong><br>Die Runde geht reihum, bis alle Moderatoren ihre best\u00e4tigten Stationen gemeldet haben.<br>Danach erfolgt der n\u00e4chste CQ-Ruf, um weitere Teilnehmer aufzunehmen.<\/li>\n\n\n\n<li><strong>Querverbindungen<\/strong><br>Querverbindungen werden von der Rundenleitung angeregt und moderiert.<\/li>\n\n\n\n<li><strong>Gateway- und Remotestationen<br><\/strong>Gateway- und Remotestationen werden separat aufgerufen.<\/li>\n<\/ol>\n\n\n\n<hr class=\"wp-block-separator has-alpha-channel-opacity\"\/>\n\n\n\n<p><strong>Hinweis:<\/strong><br>Bitte beachtet die Rundenregeln \u2013 So bleibt die SSB-Runde Berlin Brandenburg f\u00fcr alle angenehm und \u00fcbersichtlich.<\/p>\n","protected":false},"excerpt":{"rendered":"<p>Ablauf der SSB-Runde Berlin-Brandenburg Die SSB-Runde Berlin-Brandenburg findet jeden Sonntag &hellip;<\/p>\n","protected":false},"author":1,"featured_media":0,"parent":0,"menu_order":0,"comment_status":"closed","ping_status":"closed","template":"","meta":{"footnotes":""},"class_list":["post-67","page","type-page","status-publish","hentry"],"_links":{"self":[{"href":"https:\/\/www.ssb-berlin-brandenburg.de\/index.php\/wp-json\/wp\/v2\/pages\/67","targetHints":{"allow":["GET"]}}],"collection":[{"href":"https:\/\/www.ssb-berlin-brandenburg.de\/index.php\/wp-json\/wp\/v2\/pages"}],"about":[{"href":"https:\/\/www.ssb-berlin-brandenburg.de\/index.php\/wp-json\/wp\/v2\/types\/page"}],"author":[{"embeddable":true,"href":"https:\/\/www.ssb-berlin-brandenburg.de\/index.php\/wp-json\/wp\/v2\/users\/1"}],"replies":[{"embeddable":true,"href":"https:\/\/www.ssb-berlin-brandenburg.de\/index.php\/wp-json\/wp\/v2\/comments?post=67"}],"version-history":[{"count":4,"href":"https:\/\/www.ssb-berlin-brandenburg.de\/index.php\/wp-json\/wp\/v2\/pages\/67\/revisions"}],"predecessor-version":[{"id":267,"href":"https:\/\/www.ssb-berlin-brandenburg.de\/index.php\/wp-json\/wp\/v2\/pages\/67\/revisions\/267"}],"wp:attachment":[{"href":"https:\/\/www.ssb-berlin-brandenburg.de\/index.php\/wp-json\/wp\/v2\/media?parent=67"}],"curies":[{"name":"wp","href":"https:\/\/api.w.org\/{rel}","templated":true}]}}