{"id":43,"date":"2025-11-05T22:50:05","date_gmt":"2025-11-05T21:50:05","guid":{"rendered":"https:\/\/www.ssb-berlin-brandenburg.de\/?page_id=43"},"modified":"2025-11-09T12:41:45","modified_gmt":"2025-11-09T11:41:45","slug":"moderatoren","status":"publish","type":"page","link":"https:\/\/www.ssb-berlin-brandenburg.de\/index.php\/moderatoren\/","title":{"rendered":"Das Team"},"content":{"rendered":"\n<h3 class=\"wp-block-heading\">Das Team der SSB-Runde Berlin-Brandenburg<\/h3>\n\n\n\n<p>Hinter der SSB Runde steht ein starkes Team aus leidenschaftlichen Funkern, Technikern und Organisationstalenten.<br>Alle eint die Begeisterung f\u00fcr den Funk \u2013 und das Ziel, die Runde fair, freundlich und mit Spa\u00df am Laufen zu halten.<\/p>\n\n\n\n<hr class=\"wp-block-separator has-alpha-channel-opacity\"\/>\n\n\n\n<figure class=\"wp-block-image size-full\"><img loading=\"lazy\" decoding=\"async\" width=\"1795\" height=\"2048\" src=\"http:\/\/www.ssb-berlin-brandenburg.de\/wp-content\/uploads\/2025\/11\/Moderatoren.jpg\" alt=\"\" class=\"wp-image-133\"\/><\/figure>\n\n\n\n<h3 class=\"wp-block-heading\">Tempelhof-Peter<\/h3>\n\n\n\n<p><strong>Der Chef von dit Janze<\/strong><br>Mitgr\u00fcnder der SSB Runde Berlin-Brandenburg \u2013 und von Anfang an dabei.<br>Jeden Sonntag leitet er die Runde auf seine unverwechselbare, ruhige Art \u2013 meist aus seinem Shack in Tempelhof.<\/p>\n\n\n\n<p>Peter hat das Gem\u00fct eines Schaukelpferdes und l\u00e4sst sich kaum aus der Ruhe bringen \u2013 daher tr\u00e4gt er seinen Spitznamen <strong>\u201eder liebe Tempelhof-Peter\u201c<\/strong> v\u00f6llig zu Recht.<br>Mit technischem Sachverstand und jahrzehntelanger Erfahrung kennt er die Macken der Ger\u00e4te ebenso gut wie die St\u00e4rken ausgekl\u00fcgelter Antennenkonstruktionen.<br>Und wenn er mal abschweift, bleibt trotzdem alles im Takt \u2013 nur mit etwas mehr Funkerherz.<\/p>\n\n\n\n<h3 class=\"wp-block-heading\">Andr\u00e9 (13DNM)<\/h3>\n\n\n\n<p>Bei Wind und Wetter baut er jeden Sonntag seine portable Station in Zehdenick auf und unterst\u00fctzt Peter tatkr\u00e4ftig.<br>Ob gefrorene Masten im Winter oder gl\u00fchend hei\u00dfe Ger\u00e4te im Sommer \u2013 Andr\u00e9 ist immer QRV. Nur bei Gewitter hei\u00dft es: <em><strong>Stecker raus!<\/strong><\/em><\/p>\n\n\n\n<p>Wenn Peter <strong>Yin<\/strong> ist, dann ist Andr\u00e9 <strong>Yang<\/strong>.<br>Als Privatpilot liebt er Funkdisziplin. Wer da nicht aufpasst, bekommt schon mal eine \u201everbale Kopfnuss\u201c serviert \u2013 nat\u00fcrlich nur zu p\u00e4dagogischen Zwecken.<br>Seine legend\u00e4r kurze Z\u00fcndschnur sorgt u.a auch daf\u00fcr, dass die schw\u00e4chsten Stationen schnell geh\u00f6rt \u2013 und garantiert nicht vergessen \u2013 werden.<\/p>\n\n\n\n<h3 class=\"wp-block-heading\">Bodo (Bandit-Station)<\/h3>\n\n\n\n<p>Jeden Sonntag \u2013 bei Wind und Wetter \u2013 QRV aus <strong>F\u00fcrstenberg\/Havel<\/strong>.<br>Als passionierter Antennenbauer testet er st\u00e4ndig neue Eigenkonstruktionen.<br>Doch wehe, die Stehwelle steigt \u00fcber <strong>1:1,3<\/strong> \u2013 dann ist es vorbei mit dem ruhigen Gem\u00fct!<\/p>\n\n\n\n<p>Bodo ist der R\u00e4cher der Stehwelle und gibt keine Ruhe, bis das SWR perfekt ist.<br>Bei Teamtreffen ist er au\u00dferdem immer der Erste, der etwas zum Kauen in der Hand hat \u2013<br>Ger\u00fcchten zufolge kennt er jede Fressbude im Umkreis von 100 km.<\/p>\n\n\n\n<h3 class=\"wp-block-heading\">Mario (Speedy \/ 13 OT 001)<\/h3>\n\n\n\n<p>QRV aus der N\u00e4he von R\u00fcdersdorf, begeisterter DX\u2019er und Liebhaber des CB-Funks.<br>Als fester Bestandteil des Teams springt Mario \u00fcberall dort ein, wo Unterst\u00fctzung gebraucht wird \u2013<br>stets freundlich, motiviert und mit klarer Ansage:<\/p>\n\n\n\n<blockquote class=\"wp-block-quote is-layout-flow wp-block-quote-is-layout-flow\">\n<p>\u201eListen, listen, listen before calling!\u201c<\/p>\n<\/blockquote>\n\n\n\n<p>Als <strong>\u201eEl Presidente\u201c der Ottis<\/strong> h\u00e4lt er mit seinem Orga-Team die Community zusammen \u2013 weit \u00fcber die Landesgrenzen hinaus.<br>Legend\u00e4r sind die Oscar-Tango-Fielddays!<\/p>\n\n\n\n<p><a href=\"http:\/\/www.oscar-tango.net\" data-type=\"link\" data-id=\"www.oscar-tango.net\" target=\"_blank\" rel=\"noreferrer noopener\"><strong><mark style=\"background-color:rgba(0, 0, 0, 0)\" class=\"has-inline-color has-headings-color\">www.oscar-tango.net<\/mark><\/strong><\/a><\/p>\n\n\n\n<p>Im Hintergrund zieht seine Frau Nadine (Krake \/ 13 OT 009) die organisatorischen F\u00e4den \u2013 und leiht uns ihren Mann immer wieder gro\u00dfz\u00fcgig aus.<\/p>\n\n\n\n<h3 class=\"wp-block-heading\">Guido (Wolf-Station)<\/h3>\n\n\n\n<p>Das j\u00fcngste Mitglied im Moderatorenteam!<br>Er funkt jeden Sonntag aus dem Spreewald und deckt als s\u00fcdlichste Moderatorenstation<br>das s\u00fcdliche Brandenburg, Sachsen, Sachsen-Anhalt und Th\u00fcringen ab.<\/p>\n\n\n\n<p>Mit Engelsgeduld und ruhiger Stimme sorgt er daf\u00fcr, dass auch entferntere oder schwache Stationen geh\u00f6rt werden.<br>Wenn er gemeinsam mit Dennis (13 OT 676) als <strong>dynamisches Duo<\/strong> unterwegs ist,<br>k\u00e4mpft er neben dem QRM auch schon mal mit M\u00fcckenschw\u00e4rmen und anderen neugierigen Besuchern.<\/p>\n\n\n\n<hr class=\"wp-block-separator has-alpha-channel-opacity\"\/>\n\n\n\n<h2 class=\"wp-block-heading\">Unsere Joker<\/h2>\n\n\n\n<h3 class=\"wp-block-heading\">Frank (Pinsel-Frank \/ 13 FB 001)<\/h3>\n\n\n\n<p>Als n\u00f6rdlichste Station im Team bezeichnet sich Frank selbst als den letzten <strong>\u201eHardcore-Funker\u201c Mecklenburg-Vorpommerns<\/strong>.<br>Er h\u00f6rt weit in den Norden und Nordwesten hinein, doch manchmal \u00fcberlappen sich die Runden so sehr, dass es Richtung Berlin schwierig wird, durchzukommen.<\/p>\n\n\n\n<p>Bei Wind und Wetter baut er portabel am Helpter Berg auf und trotzt Regen, Sturm und Schnee!<\/p>\n\n\n\n<h3 class=\"wp-block-heading\">Dennis (Scirocco-Station \/ 13 OT 676)<\/h3>\n\n\n\n<p>Seit Jahren ein fester Bestandteil der SSB-Runde.<br>Er unterst\u00fctzt regelm\u00e4\u00dfig \u2013 entweder von einem hohen Bauwerk \u00f6stlich von Berlin<br>oder gemeinsam mit Guido portabel im Spreewald.<\/p>\n\n\n\n<p>Dennis ist bekannt f\u00fcr seine konzentrierte, ruhige Arbeitsweise \u2013<br>pr\u00e4zise wie ein Schweizer Uhrwerk.<\/p>\n\n\n\n<h3 class=\"wp-block-heading\">Basti (Treeman \/ 13 OT 1982)<\/h3>\n\n\n\n<p>Er hat den h\u00f6chsten Portabelmast im Team \u2013 ganze 23 Meter!<br>Kein Wunder, dass man ihn fast \u00fcberall h\u00f6rt.<\/p>\n\n\n\n<p>Beruflich arbeitet Basti in luftiger H\u00f6he mit B\u00e4umen, daher auch sein Funkname <em>Treeman.<\/em><br>Er hat schon vielen Funkfreunden zu stattlichen Baumantennen verholfen.<br>In der Runde ist er mit sensiblen Ohren und gesundem Durchsetzungsverm\u00f6gen unterwegs \u2013<br>und verteilt, wenn n\u00f6tig, auch mal eine <strong>\u201eFunk-Kopfnuss\u201c<\/strong> an undisziplinierte Stationen.<\/p>\n\n\n\n<hr class=\"wp-block-separator has-alpha-channel-opacity\"\/>\n\n\n\n<h2 class=\"wp-block-heading\"><strong>Der IT-Manamana<\/strong><\/h2>\n\n\n\n<h3 class=\"wp-block-heading\">Stephan (Bingo \/ 13 OT 1881)<\/h3>\n\n\n\n<p>In Bernau bei Berlin liegt die Wiege dieser Website. Lustvoll gezeugt, in unz\u00e4hligen Nachrichten und Telefonaten mit dem Team auf die Welt gebracht, liebevoll gehegt und schlie\u00dflich eingeschult von Stephan.<\/p>\n\n\n\n<p>Gemeinsam mit Stephan entstand die Idee zu einer neuen Website beim letzten <strong>Otti-Fieldday 2025<\/strong> \u2013 denn die alte private Seite von Peter war schon seit einiger Zeit offline und wir wollten endlich wieder die ber\u00fchmten Listen ver\u00f6ffentlichen.<\/p>\n\n\n\n<p>Stephan, selbstverst\u00e4ndlich ebenfalls ein echter <strong>\u201e<\/strong><strong>PTT-Dr\u00fccker<\/strong><strong>\u201c<\/strong>, aber mit dem n\u00f6tigen technischen Know-how ausgestattet, machte sich sofort ans Werk \u2013 und das Ergebnis kann sich wirklich sehen lassen.<\/p>\n\n\n\n<p>Bei den vielen Diskussionen \u00fcber Bilder, Texte, Listen, Layout und allem Drumherum sind ihm vermutlich einige graue Haare gewachsen \u2013 wenn auch nur virtuell. Doch wir sind ja noch lange nicht am Ende: Diese Seite wird weiterhin liebevoll und engagiert von Stephan gepflegt und aktuell gehalten.<\/p>\n\n\n\n<p>Ein herzliches <strong>Dankesch\u00f6n<\/strong> im Namen des Teams der <strong>SSB-Runde Berlin-Brandenburg!<\/strong><\/p>\n","protected":false},"excerpt":{"rendered":"<p>Das Team der SSB-Runde Berlin-Brandenburg Hinter der SSB Runde steht &hellip;<\/p>\n","protected":false},"author":1,"featured_media":0,"parent":0,"menu_order":0,"comment_status":"closed","ping_status":"closed","template":"","meta":{"footnotes":""},"class_list":["post-43","page","type-page","status-publish","hentry"],"_links":{"self":[{"href":"https:\/\/www.ssb-berlin-brandenburg.de\/index.php\/wp-json\/wp\/v2\/pages\/43","targetHints":{"allow":["GET"]}}],"collection":[{"href":"https:\/\/www.ssb-berlin-brandenburg.de\/index.php\/wp-json\/wp\/v2\/pages"}],"about":[{"href":"https:\/\/www.ssb-berlin-brandenburg.de\/index.php\/wp-json\/wp\/v2\/types\/page"}],"author":[{"embeddable":true,"href":"https:\/\/www.ssb-berlin-brandenburg.de\/index.php\/wp-json\/wp\/v2\/users\/1"}],"replies":[{"embeddable":true,"href":"https:\/\/www.ssb-berlin-brandenburg.de\/index.php\/wp-json\/wp\/v2\/comments?post=43"}],"version-history":[{"count":41,"href":"https:\/\/www.ssb-berlin-brandenburg.de\/index.php\/wp-json\/wp\/v2\/pages\/43\/revisions"}],"predecessor-version":[{"id":299,"href":"https:\/\/www.ssb-berlin-brandenburg.de\/index.php\/wp-json\/wp\/v2\/pages\/43\/revisions\/299"}],"wp:attachment":[{"href":"https:\/\/www.ssb-berlin-brandenburg.de\/index.php\/wp-json\/wp\/v2\/media?parent=43"}],"curies":[{"name":"wp","href":"https:\/\/api.w.org\/{rel}","templated":true}]}}