{"id":3,"date":"2025-11-05T22:05:21","date_gmt":"2025-11-05T21:05:21","guid":{"rendered":"http:\/\/www.ssb-berlin-brandenburg.de\/?page_id=3"},"modified":"2025-11-06T18:54:44","modified_gmt":"2025-11-06T17:54:44","slug":"datenschutzerklaerung","status":"publish","type":"page","link":"https:\/\/www.ssb-berlin-brandenburg.de\/index.php\/datenschutzerklaerung\/","title":{"rendered":"Impressum"},"content":{"rendered":"\n<p><\/p>\n\n\n\n<p>Rechtliche Hinweise und Datenschutzerkl\u00e4rung<\/p>\n\n\n\n<p>1. Allgemeines<\/p>\n\n\n\n<p>Dies ist eine private, nicht-kommerzielle Webseite.<\/p>\n\n\n\n<p>Sie dient ausschlie\u00dflich der F\u00f6rderung und dem Austausch rund um das Thema Funk.<\/p>\n\n\n\n<p>Die Seite verfolgt keine wirtschaftlichen Interessen und enth\u00e4lt keine bezahlte Werbung.<\/p>\n\n\n\n<p>&#8212;<\/p>\n\n\n\n<p>2. Haftung f\u00fcr Inhalte<\/p>\n\n\n\n<p>Die Inhalte dieser Webseite wurden mit gr\u00f6\u00dfter Sorgfalt erstellt.<\/p>\n\n\n\n<p>F\u00fcr die Richtigkeit, Vollst\u00e4ndigkeit und Aktualit\u00e4t der Inhalte kann jedoch keine Gew\u00e4hr \u00fcbernommen werden.<\/p>\n\n\n\n<p>Als Betreiber dieser privaten Webseite bin ich gem\u00e4\u00df \u00a7 7 Abs. 1 TMG f\u00fcr eigene Inhalte auf diesen Seiten nach den allgemeinen Gesetzen verantwortlich.<\/p>\n\n\n\n<p>Nach \u00a7\u00a7 8 bis 10 TMG bin ich als privater Webseitenbetreiber jedoch nicht verpflichtet, \u00fcbermittelte oder gespeicherte fremde Informationen zu \u00fcberwachen oder nach Umst\u00e4nden zu forschen, die auf eine rechtswidrige T\u00e4tigkeit hinweisen.<\/p>\n\n\n\n<p>Verpflichtungen zur Entfernung oder Sperrung der Nutzung von Informationen nach den allgemeinen Gesetzen bleiben hiervon unber\u00fchrt. Eine diesbez\u00fcgliche Haftung ist jedoch erst ab dem Zeitpunkt der Kenntnis einer konkreten Rechtsverletzung m\u00f6glich.<\/p>\n\n\n\n<p>Bei Bekanntwerden entsprechender Rechtsverletzungen werden diese Inhalte umgehend entfernt.<\/p>\n\n\n\n<p>&#8212;<\/p>\n\n\n\n<p>3. Haftung f\u00fcr Links<\/p>\n\n\n\n<p>Diese Webseite enth\u00e4lt Links zu externen Webseiten Dritter, auf deren Inhalte ich keinen Einfluss habe.<\/p>\n\n\n\n<p>Deshalb kann ich f\u00fcr diese fremden Inhalte auch keine Gew\u00e4hr \u00fcbernehmen.<\/p>\n\n\n\n<p>F\u00fcr die Inhalte der verlinkten Seiten ist stets der jeweilige Anbieter oder Betreiber verantwortlich.<\/p>\n\n\n\n<p>Zum Zeitpunkt der Verlinkung wurden die Seiten auf m\u00f6gliche Rechtsverst\u00f6\u00dfe \u00fcberpr\u00fcft; rechtswidrige Inhalte waren zu diesem Zeitpunkt nicht erkennbar.<\/p>\n\n\n\n<p>Eine permanente inhaltliche Kontrolle der verlinkten Seiten ist jedoch ohne konkrete Anhaltspunkte einer Rechtsverletzung nicht zumutbar.<\/p>\n\n\n\n<p>Bei Bekanntwerden von Rechtsverletzungen werden derartige Links umgehend entfernt.<\/p>\n\n\n\n<p>&#8212;<\/p>\n\n\n\n<p>4. Datensicherheit<\/p>\n\n\n\n<p>Bitte beachten Sie, dass die Daten\u00fcbertragung im Internet (z. B. bei der Kommunikation per E-Mail) Sicherheitsl\u00fccken aufweisen kann.<\/p>\n\n\n\n<p>Ein vollst\u00e4ndiger Schutz der Daten vor dem Zugriff durch Dritte ist nicht m\u00f6glich.<\/p>\n\n\n\n<p>&#8212;<\/p>\n\n\n\n<p>5. Datenschutz<\/p>\n\n\n\n<p>Der Schutz Ihrer pers\u00f6nlichen Daten ist mir wichtig.<\/p>\n\n\n\n<p>Personenbezogene Daten werden auf dieser Webseite nur im notwendigen Umfang erhoben und verarbeitet.<\/p>\n\n\n\n<p>Erhebung und Verwendung personenbezogener Daten:<\/p>\n\n\n\n<p>Ihre Daten (z. B. Name, E-Mail-Adresse oder andere Angaben) werden nur dann erhoben, wenn Sie diese freiwillig \u00fcbermitteln \u2013 etwa im Rahmen einer Kontaktaufnahme.<\/p>\n\n\n\n<p>Die Verarbeitung dieser Daten erfolgt ausschlie\u00dflich zu dem Zweck, Ihre Anfrage zu bearbeiten.<\/p>\n\n\n\n<p>Eine Weitergabe an Dritte erfolgt nicht, es sei denn, dies ist gesetzlich vorgeschrieben oder Sie haben ausdr\u00fccklich eingewilligt.<\/p>\n\n\n\n<p>Rechtsgrundlage:<\/p>\n\n\n\n<p>Die Verarbeitung personenbezogener Daten erfolgt gem\u00e4\u00df Art. 6 Abs. 1 lit. a DSGVO (Einwilligung) oder Art. 6 Abs. 1 lit. f DSGVO (berechtigtes Interesse an einer funktionalen Website).<\/p>\n\n\n\n<p>Auskunft, Berichtigung, L\u00f6schung:<\/p>\n\n\n\n<p>Sie haben jederzeit das Recht auf unentgeltliche Auskunft \u00fcber Ihre gespeicherten personenbezogenen Daten, deren Herkunft, Empf\u00e4nger sowie den Zweck der Datenverarbeitung.<\/p>\n\n\n\n<p>Au\u00dferdem haben Sie ein Recht auf Berichtigung, Sperrung oder L\u00f6schung dieser Daten, sofern dem keine gesetzlichen Aufbewahrungspflichten entgegenstehen.<\/p>\n\n\n\n<p>Hierzu gen\u00fcgt eine formlose Mitteilung an die im Impressum genannte Kontaktadresse.<\/p>\n\n\n\n<p>&#8212;<\/p>\n\n\n\n<p>6. Kontakt<\/p>\n\n\n\n<p>Verantwortlich f\u00fcr den Inhalt dieser privaten Webseite:<\/p>\n\n\n\n<p>Andr\u00e9 Oppermann<\/p>\n\n\n\n<p>E-Mail: do3ao@gmx.de<\/p>\n\n\n\n<p>Postfach: 100, D-15562 R\u00fcdersdorf<\/p>\n\n\n\n<p>(Angabe gem\u00e4\u00df \u00a7 5 TMG)<\/p>\n","protected":false},"excerpt":{"rendered":"<p>Rechtliche Hinweise und Datenschutzerkl\u00e4rung 1. Allgemeines Dies ist eine private, &hellip;<\/p>\n","protected":false},"author":1,"featured_media":0,"parent":0,"menu_order":0,"comment_status":"closed","ping_status":"open","template":"","meta":{"footnotes":""},"class_list":["post-3","page","type-page","status-publish","hentry"],"_links":{"self":[{"href":"https:\/\/www.ssb-berlin-brandenburg.de\/index.php\/wp-json\/wp\/v2\/pages\/3","targetHints":{"allow":["GET"]}}],"collection":[{"href":"https:\/\/www.ssb-berlin-brandenburg.de\/index.php\/wp-json\/wp\/v2\/pages"}],"about":[{"href":"https:\/\/www.ssb-berlin-brandenburg.de\/index.php\/wp-json\/wp\/v2\/types\/page"}],"author":[{"embeddable":true,"href":"https:\/\/www.ssb-berlin-brandenburg.de\/index.php\/wp-json\/wp\/v2\/users\/1"}],"replies":[{"embeddable":true,"href":"https:\/\/www.ssb-berlin-brandenburg.de\/index.php\/wp-json\/wp\/v2\/comments?post=3"}],"version-history":[{"count":12,"href":"https:\/\/www.ssb-berlin-brandenburg.de\/index.php\/wp-json\/wp\/v2\/pages\/3\/revisions"}],"predecessor-version":[{"id":132,"href":"https:\/\/www.ssb-berlin-brandenburg.de\/index.php\/wp-json\/wp\/v2\/pages\/3\/revisions\/132"}],"wp:attachment":[{"href":"https:\/\/www.ssb-berlin-brandenburg.de\/index.php\/wp-json\/wp\/v2\/media?parent=3"}],"curies":[{"name":"wp","href":"https:\/\/api.w.org\/{rel}","templated":true}]}}